{"id":46,"date":"2025-09-04T12:23:28","date_gmt":"2025-09-04T11:23:28","guid":{"rendered":"http:\/\/www.innovacion-municipal-pinto.es\/?page_id=46"},"modified":"2026-02-02T14:35:57","modified_gmt":"2026-02-02T13:35:57","slug":"espacio-de-innovacion-municipal","status":"publish","type":"page","link":"https:\/\/innovacion-municipal-pinto.es\/","title":{"rendered":"Inicio"},"content":{"rendered":"\n<h2 class=\"wp-block-heading has-text-align-center\">\u00a1Bienvenidas al espacio de Innovaci\u00f3n Municipal!<\/h2>\n\n\n\n<div class=\"wp-block-columns is-layout-flex wp-container-core-columns-is-layout-9d6595d7 wp-block-columns-is-layout-flex\">\n<div class=\"wp-block-column is-layout-flow wp-block-column-is-layout-flow\" style=\"flex-basis:33.33%\"><div class=\"wp-block-image wp-duotone-unset-1\">\n<figure class=\"aligncenter size-large\"><img decoding=\"async\" src=\"https:\/\/www.innovacion-municipal-pinto.es\/wp-content\/uploads\/2025\/09\/Espacio-Innovacion.jpg\" alt=\"\"\/><\/figure>\n<\/div><\/div>\n\n\n\n<div class=\"wp-block-column is-layout-flow wp-block-column-is-layout-flow\" style=\"flex-basis:66.67%\">\n<p class=\"has-medium-font-size\"><br>Aqu\u00ed podr\u00e1s encontrar informaci\u00f3n general y diversas actividades desarrolladas por el Ayuntamiento de Pinto en torno a la ideaci\u00f3n y mejora de los servicios municipales para crear valor p\u00fablico.<\/p>\n\n\n\n<p class=\"has-medium-font-size\">Descubramos juntas el potencial que tenemos las personas que componemos nuestra organizaci\u00f3n como generadoras de soluciones para mejorar los servicios municipales.<\/p>\n\n\n\n<p class=\"has-medium-font-size\">Prop\u00f3n tus ideas, consulta el contenido y participa en los procesos internos abiertos que nos ayudar\u00e1n a afrontar los nuevos retos a los que nuestra organizaci\u00f3n se enfrenta de forma colectiva.<\/p>\n\n\n\n<p class=\"has-small-font-size\"><strong>Recuerda<\/strong>: Para consultar el contenido por primera vez, debes de <a href=\"https:\/\/innovacion-municipal-pinto.es\/?page_id=404\" data-type=\"page\" data-id=\"404\">Registrarte<\/a>. Las sucesivas ocasiones bastar\u00e1 con pulsar <a href=\"https:\/\/innovacion-municipal-pinto.es\/?page_id=407\" data-type=\"page\" data-id=\"407\">Accede<\/a>.<\/p>\n<\/div>\n<\/div>\n\n\n\n<blockquote class=\"wp-block-quote is-layout-flow wp-block-quote-is-layout-flow\">\n<p class=\"has-text-align-left\" style=\"font-style:italic;font-weight:400\">\u00abEl futuro no es lo que va a pasar, sino lo que vamos a hacer\u00bb &#8211; Jos\u00e9 Lu\u00eds Borges (Escritor)<\/p>\n<\/blockquote>\n\n\n\n<div class=\"wp-block-columns is-layout-flex wp-container-core-columns-is-layout-9d6595d7 wp-block-columns-is-layout-flex\">\n<div class=\"wp-block-column is-layout-flow wp-block-column-is-layout-flow\" style=\"flex-basis:33.33%\"><div class=\"wp-block-image\">\n<figure class=\"aligncenter size-large\"><a href=\"http:\/\/www.innovacion-municipal-pinto.es\/?page_id=135\"><img decoding=\"async\" src=\"https:\/\/www.innovacion-municipal-pinto.es\/wp-content\/uploads\/2025\/09\/buzon.png\" alt=\"\"\/><\/a><\/figure>\n<\/div><\/div>\n\n\n\n<div class=\"wp-block-column is-layout-flow wp-block-column-is-layout-flow\" style=\"flex-basis:66.66%\">\n<p><strong><a href=\"https:\/\/www.innovacion-municipal-pinto.es\/?page_id=135\">BUZ\u00d3N DE IDEAS<\/a><\/strong><\/p>\n\n\n\n<p>Realiza tus propuestas e iniciativas de estudio y acci\u00f3n para la mejora de los servicios municipales porque las personas que componemos nuestra organizaci\u00f3n somos el mayor potencial para la generaci\u00f3n de soluciones organizativas, de simplificaci\u00f3n administrativa, etc.<\/p>\n<\/div>\n<\/div>\n\n\n\n<div class=\"wp-block-columns is-layout-flex wp-container-core-columns-is-layout-9d6595d7 wp-block-columns-is-layout-flex\">\n<div class=\"wp-block-column is-layout-flow wp-block-column-is-layout-flow\" style=\"flex-basis:33.33%\"><div class=\"wp-block-image\">\n<figure class=\"aligncenter size-large\"><a href=\"http:\/\/www.innovacion-municipal-pinto.es\/\"><img decoding=\"async\" src=\"https:\/\/www.innovacion-municipal-pinto.es\/wp-content\/uploads\/2025\/09\/informacion.png\" alt=\"\"\/><\/a><\/figure>\n<\/div><\/div>\n\n\n\n<div class=\"wp-block-column is-layout-flow wp-block-column-is-layout-flow\" style=\"flex-basis:66.66%\">\n<p><strong><a href=\"http:\/\/www.innovacion-municipal-pinto.es\/?page_id=104\" data-type=\"page\" data-id=\"104\">COMPARTIMOS INFORMACI\u00d3N<\/a> <\/strong><\/p>\n\n\n\n<p>Consulta los servicios prestados por las distintas \u00e1reas municipales contados por las personas que los prestan y accede a las sesiones formativas impartidas.<\/p>\n<\/div>\n<\/div>\n\n\n\n<div class=\"wp-block-columns is-layout-flex wp-container-core-columns-is-layout-9d6595d7 wp-block-columns-is-layout-flex\">\n<div class=\"wp-block-column is-layout-flow wp-block-column-is-layout-flow\" style=\"flex-basis:33.33%\"><div class=\"wp-block-image\">\n<figure class=\"aligncenter size-large is-resized\"><a href=\"http:\/\/www.innovacion-municipal-pinto.es\/?page_id=141\"><img decoding=\"async\" src=\"https:\/\/www.innovacion-municipal-pinto.es\/wp-content\/uploads\/2025\/09\/Laboratorios.jpg\" alt=\"\" style=\"width:150px\"\/><\/a><\/figure>\n<\/div><\/div>\n\n\n\n<div class=\"wp-block-column is-layout-flow wp-block-column-is-layout-flow\" style=\"flex-basis:66.66%\">\n<p><strong><a href=\"http:\/\/www.innovacion-municipal-pinto.es\/?page_id=141\">LABORATORIOS DE INNOVACI\u00d3N MUNICIPAL<\/a><\/strong><\/p>\n\n\n\n<p>Participa en los grupos de trabajo abiertos o prop\u00f3n grupos tem\u00e1ticos a trav\u00e9s del Buz\u00f3n de Ideas.<br>\u00a11\u00ba LIM A \u00abMejora de los servicios de atenci\u00f3n directa a la ciudadan\u00eda\u00bb (octubre de 2025 a enero de 2026) FINALIZADO!<\/p>\n<\/div>\n<\/div>\n","protected":false},"excerpt":{"rendered":"<p>\u00a1Bienvenidas al espacio de Innovaci\u00f3n Municipal! Aqu\u00ed podr\u00e1s encontrar informaci\u00f3n general y diversas actividades desarrolladas por el Ayuntamiento de Pinto en torno a la ideaci\u00f3n y mejora de los servicios municipales para crear valor p\u00fablico. Descubramos juntas el potencial que tenemos las personas que componemos nuestra organizaci\u00f3n como generadoras de soluciones para mejorar los servicios [&hellip;]<\/p>\n","protected":false},"author":1,"featured_media":0,"parent":0,"menu_order":0,"comment_status":"closed","ping_status":"closed","template":"","meta":{"footnotes":""},"class_list":["post-46","page","type-page","status-publish","hentry"],"_links":{"self":[{"href":"https:\/\/innovacion-municipal-pinto.es\/index.php?rest_route=\/wp\/v2\/pages\/46","targetHints":{"allow":["GET"]}}],"collection":[{"href":"https:\/\/innovacion-municipal-pinto.es\/index.php?rest_route=\/wp\/v2\/pages"}],"about":[{"href":"https:\/\/innovacion-municipal-pinto.es\/index.php?rest_route=\/wp\/v2\/types\/page"}],"author":[{"embeddable":true,"href":"https:\/\/innovacion-municipal-pinto.es\/index.php?rest_route=\/wp\/v2\/users\/1"}],"replies":[{"embeddable":true,"href":"https:\/\/innovacion-municipal-pinto.es\/index.php?rest_route=%2Fwp%2Fv2%2Fcomments&post=46"}],"version-history":[{"count":36,"href":"https:\/\/innovacion-municipal-pinto.es\/index.php?rest_route=\/wp\/v2\/pages\/46\/revisions"}],"predecessor-version":[{"id":584,"href":"https:\/\/innovacion-municipal-pinto.es\/index.php?rest_route=\/wp\/v2\/pages\/46\/revisions\/584"}],"wp:attachment":[{"href":"https:\/\/innovacion-municipal-pinto.es\/index.php?rest_route=%2Fwp%2Fv2%2Fmedia&parent=46"}],"curies":[{"name":"wp","href":"https:\/\/api.w.org\/{rel}","templated":true}]}}